{"id":2559,"date":"2018-11-09T12:54:07","date_gmt":"2018-11-09T11:54:07","guid":{"rendered":"http:\/\/193.77.138.55\/?page_id=2559"},"modified":"2018-11-09T12:54:07","modified_gmt":"2018-11-09T11:54:07","slug":"vseslovenska-akcija-ciscenja-jam","status":"publish","type":"page","link":"https:\/\/jds.vilenica.com\/index.php\/fixtures\/ekologija\/vseslovenska-akcija-ciscenja-jam\/","title":{"rendered":"Vseslovenska akcija \u010di\u0161\u010denja jam"},"content":{"rendered":"<section id=\"bt_bb_section69ef630e2199f\" class=\"bt_bb_section bt_bb_layout_boxed_1200 bt_bb_vertical_align_top bt_bb_top_spacing_medium bt_bb_bottom_spacing_medium\"  data-bt-override-class=\"null\"><div class=\"bt_bb_port\"><div class=\"bt_bb_cell\"><div class=\"bt_bb_cell_inner\"><div class=\"bt_bb_row \"  data-bt-override-class=\"{}\"><div class=\"bt_bb_row_holder\" ><div  class=\"bt_bb_column col-xxl-6 col-xl-6 bt_bb_vertical_align_middle bt_bb_align_center bt_bb_padding_normal\"  data-width=\"6\" data-bt-override-class=\"{}\"><div class=\"bt_bb_column_content\"><div class=\"bt_bb_column_content_inner\"><div class=\"bt_bb_image bt_bb_shape_square bt_bb_target_self bt_bb_align_inherit bt_bb_hover_style_simple bt_bb_content_display_always bt_bb_content_align_middle\" data-bt-override-class=\"{}\"><span><img loading=\"lazy\" decoding=\"async\" width=\"300\" height=\"225\" src=\"https:\/\/jds.vilenica.com\/wp-content\/uploads\/2018\/11\/dsc01066.jpg\" class=\"attachment-full size-full\" alt=\"https:\/\/jds.vilenica.com\/wp-content\/uploads\/2018\/11\/dsc01066.jpg\" data-full_image_src=\"https:\/\/jds.vilenica.com\/wp-content\/uploads\/2018\/11\/dsc01066.jpg\" title=\"dsc01066\" \/><\/span><\/div><\/div><\/div><\/div><div  class=\"bt_bb_column col-xxl-6 col-xl-6 bt_bb_vertical_align_top bt_bb_align_left bt_bb_padding_normal\"  data-width=\"6\" data-bt-override-class=\"{}\"><div class=\"bt_bb_column_content\"><div class=\"bt_bb_column_content_inner\"><header class=\"bt_bb_headline bt_bb_dash_none bt_bb_subheadline bt_bb_size_small bt_bb_align_inherit\" data-bt-override-class=\"{}\"><h3 class=\"bt_bb_headline_tag\"><span class=\"bt_bb_headline_content\"><span>Vseslovenska akcija \u010di\u0161\u010denja jam<br \/>\n<\/span><\/span><\/h3><div class=\"bt_bb_headline_subheadline\">Okt 1, 2011<\/div><\/header><div class=\"bt_bb_separator_v2 bt_bb_border_style_none bt_bb_top_spacing_small bt_bb_bottom_spacing_small bt_bb_icon_size_normal bt_bb_text_size_normal bt_bb_separator_v2_without_content\" data-bt-override-class=\"null\"><div class=\"bt_bb_separator_v2_inner\"><span class=\"bt_bb_separator_v2_inner_before\"><\/span><span class=\"bt_bb_separator_v2_inner_content\"><span  data-ico-=\"\" class=\"bt_bb_icon_holder\"><\/span><\/span><span class=\"bt_bb_separator_v2_inner_after\"><\/span><\/div><\/div><div  class=\"bt_bb_text\" ><p>22.09.2007 smo ob 9h pri\u010deli s \u010distilno akcijo v jami Besta\u017eovca. Uporabilii smo skupno opremo za obisk jame, izdelali dodatna sidri\u0161\u010da potrebna za izvlek ter napeljali vrvi za izvlek smeti po sistemu vrvne tehnike za stati\u010dne vrvi. Akcijo smo zaklju\u010dili ob 14h. Vse smeti smo nalo\u017eili na poltovorni terenski avto, ki je pripeljal 100m do vhoda jame. Smeti so bile v ve\u010dini kosovni odpadki: akumulatorji, lito\u017eelezna pe\u010d, bojler 80 l, stol, kosilnica in veliko manj\u0161ih kosov razli\u010dnih kovinskih predmetov. Te\u017ea smeti je bila ocenjena na 200 kg. Smeti smo odpeljali na Center za ravnanje z odpadki Se\u017eana, kjer smo jih razvrstili in lo\u010dili glede na vrsto odpadka.<\/p>\n<\/div><\/div><\/div><\/div><\/div><\/div><\/div><!-- cell_inner --><\/div><!-- cell --><\/div><!-- port --><\/section>","protected":false},"excerpt":{"rendered":"<p>Kaj bomo pustili na\u0161im zanamcem?<\/p>\n","protected":false},"author":1,"featured_media":1857,"parent":173,"menu_order":0,"comment_status":"closed","ping_status":"closed","template":"","meta":{"footnotes":""},"class_list":["post-2559","page","type-page","status-publish","has-post-thumbnail","hentry"],"_links":{"self":[{"href":"https:\/\/jds.vilenica.com\/index.php\/wp-json\/wp\/v2\/pages\/2559","targetHints":{"allow":["GET"]}}],"collection":[{"href":"https:\/\/jds.vilenica.com\/index.php\/wp-json\/wp\/v2\/pages"}],"about":[{"href":"https:\/\/jds.vilenica.com\/index.php\/wp-json\/wp\/v2\/types\/page"}],"author":[{"embeddable":true,"href":"https:\/\/jds.vilenica.com\/index.php\/wp-json\/wp\/v2\/users\/1"}],"replies":[{"embeddable":true,"href":"https:\/\/jds.vilenica.com\/index.php\/wp-json\/wp\/v2\/comments?post=2559"}],"version-history":[{"count":0,"href":"https:\/\/jds.vilenica.com\/index.php\/wp-json\/wp\/v2\/pages\/2559\/revisions"}],"up":[{"embeddable":true,"href":"https:\/\/jds.vilenica.com\/index.php\/wp-json\/wp\/v2\/pages\/173"}],"wp:featuredmedia":[{"embeddable":true,"href":"https:\/\/jds.vilenica.com\/index.php\/wp-json\/wp\/v2\/media\/1857"}],"wp:attachment":[{"href":"https:\/\/jds.vilenica.com\/index.php\/wp-json\/wp\/v2\/media?parent=2559"}],"curies":[{"name":"wp","href":"https:\/\/api.w.org\/{rel}","templated":true}]}}