{"id":2393,"date":"2018-11-08T23:20:11","date_gmt":"2018-11-08T22:20:11","guid":{"rendered":"http:\/\/193.77.138.55\/?page_id=2393"},"modified":"2018-11-08T23:20:11","modified_gmt":"2018-11-08T22:20:11","slug":"jamarska-sola-2014-5","status":"publish","type":"page","link":"https:\/\/jds.vilenica.com\/index.php\/fixtures\/jamarska-sola\/jamarska-sola-2014-5\/","title":{"rendered":"2014-04-19"},"content":{"rendered":"<section id=\"bt_bb_section69ef642597394\" class=\"bt_bb_section bt_bb_layout_boxed_800 bt_bb_vertical_align_top bt_bb_top_spacing_normal bt_bb_bottom_spacing_normal\"  data-bt-override-class=\"null\"><div class=\"bt_bb_port\"><div class=\"bt_bb_cell\"><div class=\"bt_bb_cell_inner\"><div class=\"bt_bb_row \"  data-bt-override-class=\"{}\"><div class=\"bt_bb_row_holder\" ><div  class=\"bt_bb_column col-xxl-12 col-xl-12 bt_bb_vertical_align_top bt_bb_align_left bt_bb_padding_normal\"  data-width=\"12\" data-bt-override-class=\"{}\"><div class=\"bt_bb_column_content\"><div class=\"bt_bb_column_content_inner\"><header class=\"bt_bb_headline bt_bb_color_scheme_1 bt_bb_dash_none bt_bb_subheadline bt_bb_size_small bt_bb_align_inherit\" style=\"; --primary-color:#000; --secondary-color:#fff;\" data-bt-override-class=\"{}\"><h3 class=\"bt_bb_headline_tag\"><span class=\"bt_bb_headline_content\"><span>Jamarska \u0161ola Jamarskega dru\u0161tva Se\u017eana \u2013 19.04.2014<br \/>\n<br \/>\n<\/span><\/span><\/h3><div class=\"bt_bb_headline_subheadline\">Apr 22, 2014<\/div><\/header><div class=\"bt_bb_separator_v2 bt_bb_border_style_none bt_bb_top_spacing_small bt_bb_bottom_spacing_small bt_bb_icon_size_normal bt_bb_text_size_normal bt_bb_separator_v2_without_content\" data-bt-override-class=\"null\"><div class=\"bt_bb_separator_v2_inner\"><span class=\"bt_bb_separator_v2_inner_before\"><\/span><span class=\"bt_bb_separator_v2_inner_content\"><span  data-ico-=\"\" class=\"bt_bb_icon_holder\"><\/span><\/span><span class=\"bt_bb_separator_v2_inner_after\"><\/span><\/div><\/div><div  class=\"bt_bb_text\" ><p>V soboto smo se zopet zbrali v plezali\u0161\u010du in se u\u010dili vrvne tehnike ter tehnike plezanja po lestvicah.\u00a0Na obisk je pri\u0161el Peca Andrej.\u00a0Te\u010dajniki \u017ee zelo lepo obvladajo tehniko.\u00a0Vsak petek pa pridno hodijo v jamarsko\u00a0\u0161olo, ki poteka pred dru\u0161tvenim vsakotedenskim sestankom.<\/p>\n<p>Udele\u017eenci: Tav\u010dar Leon, Prunk \u0160pela, Husu Matej, Jakof\u010di\u010d Jaka, Peca Andrej.<\/p>\n<p>Tekst in foto:\u00a0Jaka Jakof\u010di\u010d<\/p>\n<\/div><\/div><\/div><\/div><\/div><\/div><\/div><!-- cell_inner --><\/div><!-- cell --><\/div><!-- port --><\/section><section id=\"bt_bb_section69ef6425976ae\" class=\"bt_bb_section bt_bb_layout_boxed_800 bt_bb_vertical_align_top bt_bb_top_spacing_normal bt_bb_bottom_spacing_normal\"  data-bt-override-class=\"null\"><div class=\"bt_bb_port\"><div class=\"bt_bb_cell\"><div class=\"bt_bb_cell_inner\"><div class=\"bt_bb_row \"  data-bt-override-class=\"{}\"><div class=\"bt_bb_row_holder\" ><div  class=\"bt_bb_column col-xxl-12 col-xl-12 bt_bb_vertical_align_top bt_bb_align_left bt_bb_padding_normal\"  data-width=\"12\" data-bt-override-class=\"{}\"><div class=\"bt_bb_column_content\"><div class=\"bt_bb_column_content_inner\"><div class=\"bt_bb_slider bt_bb_height_keep-height bt_bb_show_dots_bottom bt_bb_animation_slide animate\"><div class=\"slick-slider\"  data-slick='{ \"lazyLoad\": \"progressive\", \"cssEase\": \"ease-out\", \"speed\": \"300\", \"dots\": true, \"prevArrow\": \"&lt;button type=\\\"button\\\" class=\\\"slick-prev\\\" aria-label=\\\"Previous\\\" tabindex=\\\"0\\\" role=\\\"button\\\"&gt;&lt;\/button&gt;\", \"nextArrow\": \"&lt;button type=\\\"button\\\" class=\\\"slick-next\\\" aria-label=\\\"Next\\\" tabindex=\\\"0\\\" role=\\\"button\\\"&gt;&lt;\/button&gt;\", \"autoplay\": true, \"autoplaySpeed\": 4000}' ><div class=\"bt_bb_slider_item\" data-src-full=\"https:\/\/jds.vilenica.com\/wp-content\/uploads\/2018\/11\/img_4739.jpg\"><img decoding=\"async\" src=\"https:\/\/jds.vilenica.com\/wp-content\/uploads\/2018\/11\/img_4739.jpg\" alt=\"img_4739\"  title=\"img_4739\"><\/div><div class=\"bt_bb_slider_item\" data-src-full=\"https:\/\/jds.vilenica.com\/wp-content\/uploads\/2018\/11\/img_4709.jpg\"><img decoding=\"async\" src=\"https:\/\/jds.vilenica.com\/wp-content\/uploads\/2018\/11\/img_4709.jpg\" alt=\"img_4709\"  title=\"img_4709\"><\/div><div class=\"bt_bb_slider_item\" data-src-full=\"https:\/\/jds.vilenica.com\/wp-content\/uploads\/2018\/11\/img_4713.jpg\"><img decoding=\"async\" src=\"https:\/\/jds.vilenica.com\/wp-content\/uploads\/2018\/11\/img_4713.jpg\" alt=\"img_4713\"  title=\"img_4713\"><\/div><div class=\"bt_bb_slider_item\" data-src-full=\"https:\/\/jds.vilenica.com\/wp-content\/uploads\/2018\/11\/img_4716.jpg\"><img decoding=\"async\" src=\"https:\/\/jds.vilenica.com\/wp-content\/uploads\/2018\/11\/img_4716.jpg\" alt=\"img_4716\"  title=\"img_4716\"><\/div><div class=\"bt_bb_slider_item\" data-src-full=\"https:\/\/jds.vilenica.com\/wp-content\/uploads\/2018\/11\/img_4727.jpg\"><img decoding=\"async\" src=\"https:\/\/jds.vilenica.com\/wp-content\/uploads\/2018\/11\/img_4727.jpg\" alt=\"img_4727\"  title=\"img_4727\"><\/div><div class=\"bt_bb_slider_item\" data-src-full=\"https:\/\/jds.vilenica.com\/wp-content\/uploads\/2018\/11\/img_4730.jpg\"><img decoding=\"async\" src=\"https:\/\/jds.vilenica.com\/wp-content\/uploads\/2018\/11\/img_4730.jpg\" alt=\"img_4730\"  title=\"img_4730\"><\/div><div class=\"bt_bb_slider_item\" data-src-full=\"https:\/\/jds.vilenica.com\/wp-content\/uploads\/2018\/11\/img_4731.jpg\"><img decoding=\"async\" src=\"https:\/\/jds.vilenica.com\/wp-content\/uploads\/2018\/11\/img_4731.jpg\" alt=\"img_4731\"  title=\"img_4731\"><\/div><div class=\"bt_bb_slider_item\" data-src-full=\"https:\/\/jds.vilenica.com\/wp-content\/uploads\/2018\/11\/img_4732.jpg\"><img decoding=\"async\" src=\"https:\/\/jds.vilenica.com\/wp-content\/uploads\/2018\/11\/img_4732.jpg\" alt=\"img_4732\"  title=\"img_4732\"><\/div><div class=\"bt_bb_slider_item\" data-src-full=\"https:\/\/jds.vilenica.com\/wp-content\/uploads\/2018\/11\/img_4735.jpg\"><img decoding=\"async\" src=\"https:\/\/jds.vilenica.com\/wp-content\/uploads\/2018\/11\/img_4735.jpg\" alt=\"img_4735\"  title=\"img_4735\"><\/div><\/div><\/div><\/div><\/div><\/div><\/div><\/div><\/div><!-- cell_inner --><\/div><!-- cell --><\/div><!-- port --><\/section>","protected":false},"excerpt":{"rendered":"","protected":false},"author":1,"featured_media":1857,"parent":156,"menu_order":0,"comment_status":"closed","ping_status":"closed","template":"","meta":{"footnotes":""},"class_list":["post-2393","page","type-page","status-publish","has-post-thumbnail","hentry"],"_links":{"self":[{"href":"https:\/\/jds.vilenica.com\/index.php\/wp-json\/wp\/v2\/pages\/2393","targetHints":{"allow":["GET"]}}],"collection":[{"href":"https:\/\/jds.vilenica.com\/index.php\/wp-json\/wp\/v2\/pages"}],"about":[{"href":"https:\/\/jds.vilenica.com\/index.php\/wp-json\/wp\/v2\/types\/page"}],"author":[{"embeddable":true,"href":"https:\/\/jds.vilenica.com\/index.php\/wp-json\/wp\/v2\/users\/1"}],"replies":[{"embeddable":true,"href":"https:\/\/jds.vilenica.com\/index.php\/wp-json\/wp\/v2\/comments?post=2393"}],"version-history":[{"count":0,"href":"https:\/\/jds.vilenica.com\/index.php\/wp-json\/wp\/v2\/pages\/2393\/revisions"}],"up":[{"embeddable":true,"href":"https:\/\/jds.vilenica.com\/index.php\/wp-json\/wp\/v2\/pages\/156"}],"wp:featuredmedia":[{"embeddable":true,"href":"https:\/\/jds.vilenica.com\/index.php\/wp-json\/wp\/v2\/media\/1857"}],"wp:attachment":[{"href":"https:\/\/jds.vilenica.com\/index.php\/wp-json\/wp\/v2\/media?parent=2393"}],"curies":[{"name":"wp","href":"https:\/\/api.w.org\/{rel}","templated":true}]}}