{"id":2320,"date":"2018-11-08T06:54:44","date_gmt":"2018-11-08T05:54:44","guid":{"rendered":"http:\/\/193.77.138.55\/?page_id=2320"},"modified":"2018-11-08T06:54:44","modified_gmt":"2018-11-08T05:54:44","slug":"jama-1-v-kanjaducah","status":"publish","type":"page","link":"https:\/\/jds.vilenica.com\/index.php\/fixtures\/raziskovanja\/jama-1-v-kanjaducah\/","title":{"rendered":"Jama 1 v Kanjaducah"},"content":{"rendered":"<section id=\"bt_bb_section69ef749ae669f\" class=\"bt_bb_section bt_bb_layout_boxed_1200 bt_bb_vertical_align_top bt_bb_top_spacing_medium bt_bb_bottom_spacing_normal\"  data-bt-override-class=\"null\"><div class=\"bt_bb_port\"><div class=\"bt_bb_cell\"><div class=\"bt_bb_cell_inner\"><div class=\"bt_bb_row \"  data-bt-override-class=\"{}\"><div class=\"bt_bb_row_holder\" ><div  class=\"bt_bb_column col-xxl-6 col-xl-6 bt_bb_vertical_align_middle bt_bb_align_center bt_bb_padding_normal bt_bb_animation_fade_in animate\"  data-width=\"6\" data-bt-override-class=\"{}\"><div class=\"bt_bb_column_content\"><div class=\"bt_bb_column_content_inner\"><div class=\"bt_bb_image bt_bb_shape_square bt_bb_target_self bt_bb_align_inherit bt_bb_hover_style_simple bt_bb_content_display_always bt_bb_content_align_middle\" data-bt-override-class=\"{}\"><span><img loading=\"lazy\" decoding=\"async\" width=\"300\" height=\"203\" src=\"https:\/\/jds.vilenica.com\/wp-content\/uploads\/2018\/11\/kanj1.jpg\" class=\"attachment-full size-full\" alt=\"https:\/\/jds.vilenica.com\/wp-content\/uploads\/2018\/11\/kanj1.jpg\" data-full_image_src=\"https:\/\/jds.vilenica.com\/wp-content\/uploads\/2018\/11\/kanj1.jpg\" title=\"kanj1\" \/><\/span><\/div><\/div><\/div><\/div><div  class=\"bt_bb_column col-xxl-6 col-xl-6 bt_bb_vertical_align_top bt_bb_align_left bt_bb_padding_normal\"  data-width=\"6\" data-bt-override-class=\"{}\"><div class=\"bt_bb_column_content\"><div class=\"bt_bb_column_content_inner\"><header class=\"bt_bb_headline bt_bb_dash_none bt_bb_subheadline bt_bb_size_small bt_bb_align_inherit\" data-bt-override-class=\"{}\"><h3 class=\"bt_bb_headline_tag\"><span class=\"bt_bb_headline_content\"><span>Jama 1 v Kanjaducah<\/span><\/span><\/h3><div class=\"bt_bb_headline_subheadline\">Opis<\/div><\/header><div class=\"bt_bb_separator_v2 bt_bb_border_style_none bt_bb_top_spacing_small bt_bb_icon_size_normal bt_bb_text_size_normal bt_bb_separator_v2_without_content\" data-bt-override-class=\"null\"><div class=\"bt_bb_separator_v2_inner\"><span class=\"bt_bb_separator_v2_inner_before\"><\/span><span class=\"bt_bb_separator_v2_inner_content\"><span  data-ico-=\"\" class=\"bt_bb_icon_holder\"><\/span><\/span><span class=\"bt_bb_separator_v2_inner_after\"><\/span><\/div><\/div><div  class=\"bt_bb_text\" ><p>Jama 1 v Kanjaducah je zaradi mo\u010dnega prepiha, ki se ob\u010dasno pojavi na vhodu, burila domi\u0161ljijo \u0161tevilnim generacijam raziskovalcev. Prva nam poznana dokumentirana raziskovanja segajo v leto 1886, ko so vnjej kopali in iskali vodo avstro-ogrski in\u017eenirji s pomo\u010djo doma\u010dinov. Njihovo raziskovanje se je kon\u010dalo v podoru, 20 metrov globoko.<\/p>\n<p>Prvi poznan na\u010drt jame je iz leta 1898, objavljen leta 1906 v publikaciji Alpi Giulie. Prvi slovenski na\u010drt sta izdelala Slavnik in Hribar leta 1959.<\/p>\n<p>Jamarsko dru\u0161tvo Se\u017eana je z raziskovanjem v jami pri\u010delo 8. januarja 1963. Po 39 akcijah kopanja v podoru so do 5. novembra 1974 pri\u0161li le nekaj metrov globlje.<\/p>\n<p>Med leti 1970 in 1980 je bilo v podoru prekopano manj\u0161e brezno, ki je jamo poglobilo do globine 40 metrov. Raziskave so se nadaljevale med leti 1980 \u2013 1990 in 1990 \u2013 2000, ko so razli\u010dne skupine iskale prehod v podoru, vendar neuspe\u0161no.<\/p>\n<\/div><\/div><\/div><\/div><\/div><\/div><\/div><!-- cell_inner --><\/div><!-- cell --><\/div><!-- port --><\/section><section id=\"bt_bb_section69ef749ae6bd0\" class=\"bt_bb_section bt_bb_layout_boxed_1200 bt_bb_vertical_align_top\"  data-bt-override-class=\"null\"><div class=\"bt_bb_port\"><div class=\"bt_bb_cell\"><div class=\"bt_bb_cell_inner\"><div class=\"bt_bb_row \"  data-bt-override-class=\"{}\"><div class=\"bt_bb_row_holder\" ><div  class=\"bt_bb_column col-xxl-6 col-xl-6 bt_bb_vertical_align_middle bt_bb_align_left bt_bb_padding_normal\"  data-width=\"6\" data-bt-override-class=\"{}\"><div class=\"bt_bb_column_content\"><div class=\"bt_bb_column_content_inner\"><div  class=\"bt_bb_text\" ><p>Sre\u010da se je nasmehnila \u0161ele jamarjem, ki so ponovno pri\u010deli z raziskavami po letu 2000. Med njimi gre najve\u010d zaslug Gorazdu Ber\u010di\u010du, ki je v jami prebil najve\u010d \u010dasa ter sam vodil raziskave in kopanje. Njegova metoda kopanja je nekoliko presenetila starej\u0161e jamarje, saj je Gorazd pri\u010del s kopanjem podora proti povr\u0161ju in ne v globino, kot se je to delalo doslej. Toda metoda se je obrestovala in 9. decembra 2003 sta Gorazd Ber\u010di\u010d in Slavko \u010cok na\u0161la prehod iz podora v jamo ve\u010djih dimenzij. \u0160e isti dan sta se spustila do globine 200 metrov, kjer jima je zmanjkalo vrvi.<\/p>\n<p>12. decembra 2003 je skupina jamarjev (Gorazd Ber\u010di\u010d, Slavko \u010cok, Marko Gomba\u010d in Zlatko Miklavec) dosegla podzemni tok Reke. V naslednjih spustih so jamarji raziskali podzemni tok Reke v dol\u017eini 600 metrov pe\u0161 in okrog 200 metrov s \u010dolni. \u0160irina struge se giblje med 5 in 10 metri. Dvorane se\u017eejo v \u0161irino 15 do 85 metrov in vi\u0161ino 10 do 75 metrov.<\/p>\n<p>Po odkritju se je v jamo spustilo ve\u010d skupin, s to\u010dno dolo\u010denimi nalogami. Tako se je jamo izmerilo, preopremilo, ozna\u010dilo se je poti gibanja in odvzelo vzorce za analizo kakovosti voda. V letu 2005 se je skupaj z In\u0161titutom za raziskovanje krasa ZRC SAZU in Parkom \u0160kocjanske jame pri\u010delo opravljati razli\u010dne meritve vodnega toka.<\/p>\n<\/div><\/div><\/div><\/div><div  class=\"bt_bb_column col-xxl-6 col-xl-6 bt_bb_vertical_align_middle bt_bb_align_center bt_bb_padding_normal\"  data-width=\"6\" data-bt-override-class=\"{}\"><div class=\"bt_bb_column_content\"><div class=\"bt_bb_column_content_inner\"><div class=\"bt_bb_image bt_bb_shape_square bt_bb_target_self bt_bb_align_inherit bt_bb_hover_style_simple bt_bb_content_display_always bt_bb_content_align_middle\" data-bt-override-class=\"{}\"><span><img loading=\"lazy\" decoding=\"async\" width=\"198\" height=\"300\" src=\"https:\/\/jds.vilenica.com\/wp-content\/uploads\/2018\/11\/reka9.jpg\" class=\"attachment-full size-full\" alt=\"https:\/\/jds.vilenica.com\/wp-content\/uploads\/2018\/11\/reka9.jpg\" data-full_image_src=\"https:\/\/jds.vilenica.com\/wp-content\/uploads\/2018\/11\/reka9.jpg\" title=\"reka9\" \/><\/span><\/div><\/div><\/div><\/div><\/div><\/div><\/div><!-- cell_inner --><\/div><!-- cell --><\/div><!-- port --><\/section><section id=\"bt_bb_section69ef749ae6feb\" class=\"bt_bb_section bt_bb_layout_boxed_1200 bt_bb_vertical_align_top bt_bb_top_spacing_normal bt_bb_bottom_spacing_medium\"  data-bt-override-class=\"null\"><div class=\"bt_bb_port\"><div class=\"bt_bb_cell\"><div class=\"bt_bb_cell_inner\"><div class=\"bt_bb_row \"  data-bt-override-class=\"{}\"><div class=\"bt_bb_row_holder\" ><div  class=\"bt_bb_column col-xxl-6 col-xl-6 bt_bb_vertical_align_middle bt_bb_align_center bt_bb_padding_normal\"  data-width=\"6\" data-bt-override-class=\"{}\"><div class=\"bt_bb_column_content\"><div class=\"bt_bb_column_content_inner\"><div class=\"bt_bb_image bt_bb_shape_square bt_bb_target_self bt_bb_align_inherit bt_bb_hover_style_simple bt_bb_content_display_always bt_bb_content_align_middle\" data-bt-override-class=\"{}\"><span><img loading=\"lazy\" decoding=\"async\" width=\"225\" height=\"300\" src=\"https:\/\/jds.vilenica.com\/wp-content\/uploads\/2018\/11\/p4180076.jpg\" class=\"attachment-full size-full\" alt=\"https:\/\/jds.vilenica.com\/wp-content\/uploads\/2018\/11\/p4180076.jpg\" data-full_image_src=\"https:\/\/jds.vilenica.com\/wp-content\/uploads\/2018\/11\/p4180076.jpg\" title=\"p4180076\" \/><\/span><\/div><\/div><\/div><\/div><div  class=\"bt_bb_column col-xxl-6 col-xl-6 bt_bb_vertical_align_top bt_bb_align_left bt_bb_padding_normal\"  data-width=\"6\" data-bt-override-class=\"{}\"><div class=\"bt_bb_column_content\"><div class=\"bt_bb_column_content_inner\"><div  class=\"bt_bb_text\" ><p>Ko so nam bile suhe poti jame poznane, in ko smo ugotovili, da sta edini mo\u017eni nadaljevanji sifona na skrajnih koncih jame, smo se leta 2009 povezali s potaplja\u010di JPD Sirena Sub. Potaplja\u010da, Damir Podnar in Bo\u0161tjan \u010copi, sta se prvi\u010d podala v jamo \u017ee aprila. Najprej sta se potopila v odto\u010dni sifon. Vidljivost v sifonu je bila ob pretoku \u010dez 3 m3\/s do 2 metra, kar je \u0161e dodatno ote\u017eevalo raziskovanje \u017ee tako \u0161irokega rova sifona. Sifon se enakomerno spu\u0161\u010da do globine 21 metrov in se nato za\u010dne polo\u017eno vzpenjati. Za sifonom se odpre dvorana ve\u010djih dimenzij, dolga pribli\u017eno 250 metrov, ki se ponovno zaklju\u010di s sifonom.<\/p>\n<p>Junija sta potaplja\u010da preplavala prito\u010dni sifon, globok 6 metrov ter pri\u0161la v 100 metrov dolgo dvorano. Na koncu dvorane sta iskala nadaljevanje v novem sifonu, a brez uspeha. Na globini 12 metrov sta se zaradi slabe vidljivosti in omejitve zaradi kisika, obrnila in se vrnila v glavni rov. V vodi sta opazila ve\u010dje \u0161tevilo kozic, pijavk, \u010dlove\u0161kih ribic, nekaj rib in \u017eabo.<\/p>\n<p>Avgusta sta se Bo\u0161tjan in Dado \u0161e enkrat potopila v odto\u010dni sifon. Preplavala sta drugi sifon, ki je dolg pribli\u017eno 10 metrov in do 6 metrov globok in izplavala v 60 metrov dolgi in 6 metrov \u0161iroki dvorani. Tudi ta se je zaklju\u010dila s sifonom. V tretjem sifonu sta na globini 5 metrov na\u0161la prehod v slepi rov dimenzij 10\u00d710 metrov in vi\u0161ine 2 metra, ki je zapolnjen s pe\u0161\u010denim sedimentom. Mo\u017enega drugega nadaljevanja v sifonu, zaradi slabe vidljivosti in \u010dasovne omejitve, nista na\u0161la.<\/p>\n<\/div><\/div><\/div><\/div><\/div><\/div><\/div><!-- cell_inner --><\/div><!-- cell --><\/div><!-- port --><\/section>","protected":false},"excerpt":{"rendered":"","protected":false},"author":1,"featured_media":1857,"parent":170,"menu_order":0,"comment_status":"closed","ping_status":"closed","template":"","meta":{"footnotes":""},"class_list":["post-2320","page","type-page","status-publish","has-post-thumbnail","hentry"],"_links":{"self":[{"href":"https:\/\/jds.vilenica.com\/index.php\/wp-json\/wp\/v2\/pages\/2320","targetHints":{"allow":["GET"]}}],"collection":[{"href":"https:\/\/jds.vilenica.com\/index.php\/wp-json\/wp\/v2\/pages"}],"about":[{"href":"https:\/\/jds.vilenica.com\/index.php\/wp-json\/wp\/v2\/types\/page"}],"author":[{"embeddable":true,"href":"https:\/\/jds.vilenica.com\/index.php\/wp-json\/wp\/v2\/users\/1"}],"replies":[{"embeddable":true,"href":"https:\/\/jds.vilenica.com\/index.php\/wp-json\/wp\/v2\/comments?post=2320"}],"version-history":[{"count":1,"href":"https:\/\/jds.vilenica.com\/index.php\/wp-json\/wp\/v2\/pages\/2320\/revisions"}],"predecessor-version":[{"id":4782,"href":"https:\/\/jds.vilenica.com\/index.php\/wp-json\/wp\/v2\/pages\/2320\/revisions\/4782"}],"up":[{"embeddable":true,"href":"https:\/\/jds.vilenica.com\/index.php\/wp-json\/wp\/v2\/pages\/170"}],"wp:featuredmedia":[{"embeddable":true,"href":"https:\/\/jds.vilenica.com\/index.php\/wp-json\/wp\/v2\/media\/1857"}],"wp:attachment":[{"href":"https:\/\/jds.vilenica.com\/index.php\/wp-json\/wp\/v2\/media?parent=2320"}],"curies":[{"name":"wp","href":"https:\/\/api.w.org\/{rel}","templated":true}]}}