{"id":1962,"date":"2018-11-02T14:48:14","date_gmt":"2018-11-02T13:48:14","guid":{"rendered":"http:\/\/193.77.138.55\/?page_id=1962"},"modified":"2018-11-10T01:26:29","modified_gmt":"2018-11-10T00:26:29","slug":"lipiska-jama","status":"publish","type":"page","link":"https:\/\/jds.vilenica.com\/index.php\/fixtures\/raziskovanja\/lipiska-jama\/","title":{"rendered":"Lipi\u0161ka jama"},"content":{"rendered":"<section id=\"bt_bb_section69ef5ef61bdfe\" class=\"bt_bb_section bt_bb_layout_boxed_1200 bt_bb_vertical_align_top bt_bb_top_spacing_medium\"  data-bt-override-class=\"null\"><div class=\"bt_bb_port\"><div class=\"bt_bb_cell\"><div class=\"bt_bb_cell_inner\"><div class=\"bt_bb_row \"  data-bt-override-class=\"{}\"><div class=\"bt_bb_row_holder\" ><div  class=\"bt_bb_column col-xxl-6 col-xl-6 bt_bb_vertical_align_middle bt_bb_align_center bt_bb_padding_normal bt_bb_animation_fade_in animate\"  data-width=\"6\" data-bt-override-class=\"{}\"><div class=\"bt_bb_column_content\"><div class=\"bt_bb_column_content_inner\"><div class=\"bt_bb_image bt_bb_shape_square bt_bb_target_self bt_bb_align_inherit bt_bb_hover_style_simple bt_bb_content_display_always bt_bb_content_align_middle\" data-bt-override-class=\"{}\"><span><img loading=\"lazy\" decoding=\"async\" width=\"400\" height=\"267\" src=\"https:\/\/jds.vilenica.com\/wp-content\/uploads\/2018\/11\/crw_1216-1.jpg\" class=\"attachment-full size-full\" alt=\"https:\/\/jds.vilenica.com\/wp-content\/uploads\/2018\/11\/crw_1216-1.jpg\" data-full_image_src=\"https:\/\/jds.vilenica.com\/wp-content\/uploads\/2018\/11\/crw_1216-1.jpg\" title=\"crw_1216-1\" srcset=\"https:\/\/jds.vilenica.com\/wp-content\/uploads\/2018\/11\/crw_1216-1.jpg 400w, https:\/\/jds.vilenica.com\/wp-content\/uploads\/2018\/11\/crw_1216-1-320x214.jpg 320w\" sizes=\"auto, (max-width: 400px) 85vw, 400px\" \/><\/span><\/div><\/div><\/div><\/div><div  class=\"bt_bb_column col-xxl-6 col-xl-6 bt_bb_vertical_align_top bt_bb_align_left bt_bb_padding_normal\"  data-width=\"6\" data-bt-override-class=\"{}\"><div class=\"bt_bb_column_content\"><div class=\"bt_bb_column_content_inner\"><header class=\"bt_bb_headline bt_bb_dash_none bt_bb_subheadline bt_bb_size_small bt_bb_align_inherit\" data-bt-override-class=\"{}\"><h3 class=\"bt_bb_headline_tag\"><span class=\"bt_bb_headline_content\"><span>Lipi\u0161ka jama<\/span><\/span><\/h3><div class=\"bt_bb_headline_subheadline\">Opis<\/div><\/header><div class=\"bt_bb_separator_v2 bt_bb_border_style_none bt_bb_top_spacing_small bt_bb_icon_size_normal bt_bb_text_size_normal bt_bb_separator_v2_without_content\" data-bt-override-class=\"null\"><div class=\"bt_bb_separator_v2_inner\"><span class=\"bt_bb_separator_v2_inner_before\"><\/span><span class=\"bt_bb_separator_v2_inner_content\"><span  data-ico-=\"\" class=\"bt_bb_icon_holder\"><\/span><\/span><span class=\"bt_bb_separator_v2_inner_after\"><\/span><\/div><\/div><div  class=\"bt_bb_text\" ><p>Vhod v jamo le\u017ei tik ob cesti Se\u017eana \u2013 Lokev,\u00a0v bli\u017eini odcepa za Lipico, zato je bila obiskana\u00a0\u017ee zelo zgodaj. Veliko podpisov na vrhu Dr\u010de pri\u010da,\u00a0da je bilo nadaljevanje z 20 metrov globokim\u00a0po\u0161evnim breznom ovira za ve\u010dino takratnih obiskovalcev.\u00a0Najstarej\u0161i poznan podpis je SAG 1889.\u00a0V podoru na koncu Velike dvorane na globini 125\u00a0metrov je podpis prvega jamarskega dru\u0161tva iz Trsta,\u00a0Hades 25.12.1912. Prvi na\u010drt jame je narisal\u00a0Boegan leta 1895.<\/p>\n<p>Prvi zapisnik v kataster jam JZS je izdelal Pretner leta 1957, ki podaja tudi splo\u0161no morfologijo jame. Prva ve\u010dja aktivnost se\u017eanskih jamarjev v jami je bila leta 1965, ko so na\u0161i predhodniki sodelovali pri organizaciji in otvoritvi Mednarodnega speleolo\u0161kega kongresa v Postojni. Za ta namen je bila jama elektri\u010dno osvetljena, poleg tega pa so jo opremili s potjo in \u017eeleznimi lestvami.<\/p>\n<\/div><\/div><\/div><\/div><\/div><\/div><\/div><!-- cell_inner --><\/div><!-- cell --><\/div><!-- port --><\/section><section id=\"bt_bb_section69ef5ef61c38f\" class=\"bt_bb_section bt_bb_layout_boxed_1200 bt_bb_vertical_align_top bt_bb_top_spacing_normal bt_bb_bottom_spacing_normal\"  data-bt-override-class=\"null\"><div class=\"bt_bb_port\"><div class=\"bt_bb_cell\"><div class=\"bt_bb_cell_inner\"><div class=\"bt_bb_row \"  data-bt-override-class=\"{}\"><div class=\"bt_bb_row_holder\" ><div  class=\"bt_bb_column col-xxl-12 col-xl-12 bt_bb_vertical_align_top bt_bb_align_left bt_bb_padding_normal\"  data-width=\"12\" data-bt-override-class=\"{}\"><div class=\"bt_bb_column_content\"><div class=\"bt_bb_column_content_inner\"><div  class=\"bt_bb_text\" ><p>Prvo veliko in pomembno odkritje v jami je bilo leta 1977. Med raziskovanjem jam na obmo\u010dju nameravane gradnje proste industrijske cone med Jugoslavijo in Italijo so v Labirintu z raz\u0161iritvijo pri\u0161li v nove dele do globine -230 m. Poimenovali so jih Kozinski rov. Na akciji, ki je trajala med 23. in 25.1.1977 so sodelovali \u010dlani JD Se\u017eana, DZRJ Kranj in JD Dimnice \u2013 Kozina.<\/p>\n<p>Po odkritju Kozinskega rova so se aktivnosti Jamarskega dru\u0161tva Se\u017eana nadaljevale v raziskovanju tega rova. Leta 1977 so tako izvedli preizkusni preboj z eksplozivom v ilovici na dnu rova, vendar je bil rezultat le 2 x 1 m velika luknja v ilovici.<\/p>\n<\/div><\/div><\/div><\/div><\/div><\/div><\/div><!-- cell_inner --><\/div><!-- cell --><\/div><!-- port --><\/section><section id=\"bt_bb_section69ef5ef61c4f1\" class=\"bt_bb_section bt_bb_layout_boxed_1200 bt_bb_vertical_align_top\"  data-bt-override-class=\"null\"><div class=\"bt_bb_port\"><div class=\"bt_bb_cell\"><div class=\"bt_bb_cell_inner\"><div class=\"bt_bb_row \"  data-bt-override-class=\"{}\"><div class=\"bt_bb_row_holder\" ><div  class=\"bt_bb_column col-xxl-6 col-xl-6 bt_bb_vertical_align_middle bt_bb_align_left bt_bb_padding_normal\"  data-width=\"6\" data-bt-override-class=\"{}\"><div class=\"bt_bb_column_content\"><div class=\"bt_bb_column_content_inner\"><div  class=\"bt_bb_text\" ><p>Da bi bila pot po jami la\u017eja, se je 18. februarja 1979 opremilio Dr\u010do podobno kot ferate v hribih. S tem ni bilo ve\u010d potrebno plezanje po vrvi, temve\u010d le izvajanje samovarovanja.<\/p>\n<p>14. in 15. julija 1979 so \u010dlani Jamarskega dru\u0161tva Se\u017eana v Kozinskem rovu raziskali oz. odkrili stranski rov, ki so ga poimenovali Izvir potoka oz. Suhi potok. Dol\u017eina tega dela je bila 10 m, globina pa 1,5 m. Nadaljnje raziskave so tukaj potekalo \u0161e leta 1982.<\/p>\n<p>V zapisniku ogleda jame 18.3.1984 je Toma\u017e Zorman zapisal: \u00bbKjer smo Se\u017ean\u010dani prekopovali pasa\u017eo je rahlo pihalo, to pomeni, da bo potrebno ve\u010d volje pri nadaljnjem kopanju\u00ab.<\/p>\n<\/div><\/div><\/div><\/div><div  class=\"bt_bb_column col-xxl-6 col-xl-6 bt_bb_vertical_align_middle bt_bb_align_center bt_bb_padding_normal\"  data-width=\"6\" data-bt-override-class=\"{}\"><div class=\"bt_bb_column_content\"><div class=\"bt_bb_column_content_inner\"><div class=\"bt_bb_image bt_bb_shape_square bt_bb_target_self bt_bb_align_inherit bt_bb_hover_style_simple bt_bb_content_display_always bt_bb_content_align_middle\" data-bt-override-class=\"{}\"><span><img loading=\"lazy\" decoding=\"async\" width=\"400\" height=\"267\" src=\"https:\/\/jds.vilenica.com\/wp-content\/uploads\/2018\/11\/161e8880-1.jpg\" class=\"attachment-full size-full\" alt=\"https:\/\/jds.vilenica.com\/wp-content\/uploads\/2018\/11\/161e8880-1.jpg\" data-full_image_src=\"https:\/\/jds.vilenica.com\/wp-content\/uploads\/2018\/11\/161e8880-1.jpg\" title=\"161e8880-1\" srcset=\"https:\/\/jds.vilenica.com\/wp-content\/uploads\/2018\/11\/161e8880-1.jpg 400w, https:\/\/jds.vilenica.com\/wp-content\/uploads\/2018\/11\/161e8880-1-320x214.jpg 320w\" sizes=\"auto, (max-width: 400px) 85vw, 400px\" \/><\/span><\/div><\/div><\/div><\/div><\/div><\/div><\/div><!-- cell_inner --><\/div><!-- cell --><\/div><!-- port --><\/section><section id=\"bt_bb_section69ef5ef61c8ab\" class=\"bt_bb_section bt_bb_layout_boxed_1200 bt_bb_vertical_align_top bt_bb_top_spacing_normal bt_bb_bottom_spacing_normal\"  data-bt-override-class=\"null\"><div class=\"bt_bb_port\"><div class=\"bt_bb_cell\"><div class=\"bt_bb_cell_inner\"><div class=\"bt_bb_row \"  data-bt-override-class=\"{}\"><div class=\"bt_bb_row_holder\" ><div  class=\"bt_bb_column col-xxl-12 col-xl-12 bt_bb_vertical_align_top bt_bb_align_left bt_bb_padding_normal\"  data-width=\"12\" data-bt-override-class=\"{}\"><div class=\"bt_bb_column_content\"><div class=\"bt_bb_column_content_inner\"><div  class=\"bt_bb_text\" ><p>Leta 1992 je bila Lipi\u0161ka jama razgla\u0161ena za\u00a0naravno znamenitost z Odlokom o razglasitvi naravnih\u00a0znamenitosti in kulturnih spomenikov na\u00a0obmo\u010dju Ob\u010dine Se\u017eana.\u00a07. avgusta 1993 smo\u00a0po navodilih in ob soglasju Zavoda za varstvo\u00a0naravne in kulturne dedi\u0161\u010dine iz Nove Gorice\u00a0na prvi o\u017eini zaprli jamo z re\u0161etko in vrati ter uvedli\u00a0nadzor nad obiski jame. V jami smo izvedli ve\u010d\u00a0\u010distilnih akcij za odstranitev smeti in karbidnega\u00a0apna ter ozna\u010dili pot gibanja.<\/p>\n<p>3. septembra 2003 smo na vratih namestili novo\u00a0klju\u010davnico, ker so staro neznanci razbili.<\/p>\n<p>Sledilo je dolgo obdobje, ko v jami ni bilo raziskav, edino odkritje je bil drugi vhod, katerega sta leta 2006 registrirala Sancin in Brato\u0161 iz JOSPD Trst. Dol\u017eina tega dela jame je 90 m, globina pa 45 m.<\/p>\n<\/div><\/div><\/div><\/div><\/div><\/div><\/div><!-- cell_inner --><\/div><!-- cell --><\/div><!-- port --><\/section><section id=\"bt_bb_section69ef5ef61c9dd\" class=\"bt_bb_section bt_bb_layout_boxed_1200\"  data-bt-override-class=\"null\"><div class=\"bt_bb_port\"><div class=\"bt_bb_cell\"><div class=\"bt_bb_cell_inner\"><div class=\"bt_bb_row \"  data-bt-override-class=\"{}\"><div class=\"bt_bb_row_holder\" ><div  class=\"bt_bb_column col-xxl-6 col-xl-6 bt_bb_vertical_align_middle bt_bb_align_center bt_bb_padding_normal\"  data-width=\"6\" data-bt-override-class=\"{}\"><div class=\"bt_bb_column_content\"><div class=\"bt_bb_column_content_inner\"><div class=\"bt_bb_image bt_bb_shape_square bt_bb_target_self bt_bb_align_inherit bt_bb_hover_style_simple bt_bb_content_display_always bt_bb_content_align_middle\" data-bt-override-class=\"{}\"><span><img loading=\"lazy\" decoding=\"async\" width=\"267\" height=\"400\" src=\"https:\/\/jds.vilenica.com\/wp-content\/uploads\/2018\/11\/161e7618-1.jpg\" class=\"attachment-full size-full\" alt=\"https:\/\/jds.vilenica.com\/wp-content\/uploads\/2018\/11\/161e7618-1.jpg\" data-full_image_src=\"https:\/\/jds.vilenica.com\/wp-content\/uploads\/2018\/11\/161e7618-1.jpg\" title=\"161e7618-1\" \/><\/span><\/div><\/div><\/div><\/div><div  class=\"bt_bb_column col-xxl-6 col-xl-6 bt_bb_vertical_align_middle bt_bb_align_left bt_bb_padding_normal\"  data-width=\"6\" data-bt-override-class=\"{}\"><div class=\"bt_bb_column_content\"><div class=\"bt_bb_column_content_inner\"><header class=\"bt_bb_headline bt_bb_dash_none bt_bb_size_small bt_bb_align_inherit\" data-bt-override-class=\"{}\"><h3 class=\"bt_bb_headline_tag\"><span class=\"bt_bb_headline_content\"><span>Preboj Blatnega sifona<\/span><\/span><\/h3><\/header><div class=\"bt_bb_separator_v2 bt_bb_border_style_none bt_bb_top_spacing_small bt_bb_icon_size_normal bt_bb_text_size_normal bt_bb_separator_v2_without_content\" data-bt-override-class=\"null\"><div class=\"bt_bb_separator_v2_inner\"><span class=\"bt_bb_separator_v2_inner_before\"><\/span><span class=\"bt_bb_separator_v2_inner_content\"><span  data-ico-=\"\" class=\"bt_bb_icon_holder\"><\/span><\/span><span class=\"bt_bb_separator_v2_inner_after\"><\/span><\/div><\/div><div  class=\"bt_bb_text\" ><p>19. februarja 2006 smo se pri\u010deli s sistemati\u010dnimi raziskavami na dnu Kozinskega rova.<\/p>\n<p>Zaklju\u010dek Kozinskega rova je na -230 m globine, kjer se spojita strop skalnega rova in ilovnata tla. Po predvidevanju bi to lahko bil blatni sifon, ki je zaprl nadaljevanje jame, zato smo pri\u010deli z iskanjem nadaljevanja jame s kopanjem rova v ilovici pod stropom dvorane.<\/p>\n<p>\u00bbVesolje veselja\u00ab smo do\u010dakali 8.6.2009, ko nam je uspel preboj v kapni\u0161ko Dvorano upanja. Dvorana upanja je dolga 16m. Na konca dvorane se odcepi 32 m dolg Povezovalni rov, ki pripelje nazaj k za\u010detku dvorane. V njej je tudi 24 m dolgo po\u0161evno brezno, ki se zaklju\u010di v ilovici. Rovi Blatnega sifona, Dvorane upanja, Povezovalnega rova in Brezna so skupaj dolgi 106 m. Brezno se zaklju\u010di na globini -250m.<\/p>\n<p>Dvorana je zapolnjena z vsemi oblikami sigovih tvorb, med njimi tudi s helektiti. Siga in stene dvorane so v veliki meri prevle\u010dene z drobnim ilovnatim sedimentom.<\/p>\n<\/div><\/div><\/div><\/div><\/div><\/div><\/div><!-- cell_inner --><\/div><!-- cell --><\/div><!-- port --><\/section><section id=\"bt_bb_section69ef5ef61cdf9\" class=\"bt_bb_section bt_bb_layout_boxed_1200 bt_bb_vertical_align_top bt_bb_top_spacing_normal bt_bb_bottom_spacing_medium\"  data-bt-override-class=\"null\"><div class=\"bt_bb_port\"><div class=\"bt_bb_cell\"><div class=\"bt_bb_cell_inner\"><div class=\"bt_bb_row \"  data-bt-override-class=\"{}\"><div class=\"bt_bb_row_holder\" ><div  class=\"bt_bb_column col-xxl-6 col-xl-6 bt_bb_vertical_align_top bt_bb_align_left bt_bb_padding_normal\"  data-width=\"6\" data-bt-override-class=\"{}\"><div class=\"bt_bb_column_content\"><div class=\"bt_bb_column_content_inner\"><header class=\"bt_bb_headline bt_bb_dash_none bt_bb_size_small bt_bb_align_inherit\" data-bt-override-class=\"{}\"><h3 class=\"bt_bb_headline_tag\"><span class=\"bt_bb_headline_content\"><span>\u00bbKar te ne ubije, te okrepi\u00ab<\/span><\/span><\/h3><\/header><div class=\"bt_bb_separator_v2 bt_bb_border_style_none bt_bb_top_spacing_small bt_bb_icon_size_normal bt_bb_text_size_normal bt_bb_separator_v2_without_content\" data-bt-override-class=\"null\"><div class=\"bt_bb_separator_v2_inner\"><span class=\"bt_bb_separator_v2_inner_before\"><\/span><span class=\"bt_bb_separator_v2_inner_content\"><span  data-ico-=\"\" class=\"bt_bb_icon_holder\"><\/span><\/span><span class=\"bt_bb_separator_v2_inner_after\"><\/span><\/div><\/div><div  class=\"bt_bb_text\" ><p>Za\u010detne kopa\u0161ke akcije so bile po \u0161tevilu kopa\u010dev precej velike in so potekale ob sobotah. S\u010dasoma je bilo kopa\u010dev vedno manj. Skupinica treh jamarjev (Jaka Jakof\u010di\u010d, Emil Kari\u017e in Rosana Cerkvenik) je nato pri\u010dela z \u00bbrednim tedenskim torkovim fitnesom\u00ab v jami, katerega so se udele\u017eevali tudi drugi se\u017eanski jamarji in jamarji iz drugih dru\u0161tev.<\/p>\n<p>V treh letih, od spomladi 2006 do spomladi 2009, je bilo skupno 106 akcij, na katerih je 38 jamarjev iz osmih jamarskih dru\u0161tev opravilo 973:30 ur kopanja, vse akcije pa so trajale skupaj 1891:55 ur. Obi\u010dajno je kopanje potekalo 2 do 3 ure na akcijo.<\/p>\n<p>Kopani rov meri je dolg 35 m, \u0161irok od 0,85 do 1m, visoka pa od 1,6 do 2m.<\/p>\n<p>Delo je v najve\u010dji meri sicer zabavno, a v\u010dasih precej naporno. Kopani material v zidarski vedrih nosimo precej dale\u010d, pronicajo\u010da voda nas ve\u010dkrat mo\u010dno zaliva, zrak v rovu (kjer ni bilo prepiha!) smo hitro podihali, blata pa ni hotelo biti konec. Pogosto smo si izreki rek \u00bbKar te ne ubije, te okrepi\u00ab in razmi\u0161ljali o \u00bbVesolju veselja\u00ab. Ko smo odkrili Dvorano upanja, smo dobili \u0161e ve\u010dji zagon in upanje, da se jama \u0161e nadaljuje. Zato smo \u0161e vedno vsak torek \u00bbSpet doma\u00ab. Raziskujemo oz. kopljemo v enem izmed treh brezen na dnu Dvorane upanja. In zgodba se nadaljuje oz. ponavlja. Blatni rov, te\u017eki kalavniki, preve\u010d vode,\u2026 In vedno znova uporabljamo tri zgoraj navedene besedne zveze\u2026<\/p>\n<\/div><\/div><\/div><\/div><div  class=\"bt_bb_column col-xxl-6 col-xl-6 bt_bb_vertical_align_middle bt_bb_align_center bt_bb_padding_normal\"  data-width=\"6\" data-bt-override-class=\"{}\"><div class=\"bt_bb_column_content\"><div class=\"bt_bb_column_content_inner\"><div class=\"bt_bb_image bt_bb_shape_square bt_bb_target_self bt_bb_align_inherit bt_bb_hover_style_simple bt_bb_content_display_always bt_bb_content_align_middle\" data-bt-override-class=\"{}\"><span><img loading=\"lazy\" decoding=\"async\" width=\"267\" height=\"400\" src=\"https:\/\/jds.vilenica.com\/wp-content\/uploads\/2018\/11\/162e0027-1.jpg\" class=\"attachment-full size-full\" alt=\"https:\/\/jds.vilenica.com\/wp-content\/uploads\/2018\/11\/162e0027-1.jpg\" data-full_image_src=\"https:\/\/jds.vilenica.com\/wp-content\/uploads\/2018\/11\/162e0027-1.jpg\" title=\"162e0027-1\" \/><\/span><\/div><\/div><\/div><\/div><\/div><\/div><\/div><!-- cell_inner --><\/div><!-- cell --><\/div><!-- port --><\/section>","protected":false},"excerpt":{"rendered":"","protected":false},"author":1,"featured_media":1857,"parent":170,"menu_order":0,"comment_status":"closed","ping_status":"closed","template":"","meta":{"footnotes":""},"class_list":["post-1962","page","type-page","status-publish","has-post-thumbnail","hentry"],"_links":{"self":[{"href":"https:\/\/jds.vilenica.com\/index.php\/wp-json\/wp\/v2\/pages\/1962","targetHints":{"allow":["GET"]}}],"collection":[{"href":"https:\/\/jds.vilenica.com\/index.php\/wp-json\/wp\/v2\/pages"}],"about":[{"href":"https:\/\/jds.vilenica.com\/index.php\/wp-json\/wp\/v2\/types\/page"}],"author":[{"embeddable":true,"href":"https:\/\/jds.vilenica.com\/index.php\/wp-json\/wp\/v2\/users\/1"}],"replies":[{"embeddable":true,"href":"https:\/\/jds.vilenica.com\/index.php\/wp-json\/wp\/v2\/comments?post=1962"}],"version-history":[{"count":1,"href":"https:\/\/jds.vilenica.com\/index.php\/wp-json\/wp\/v2\/pages\/1962\/revisions"}],"predecessor-version":[{"id":3033,"href":"https:\/\/jds.vilenica.com\/index.php\/wp-json\/wp\/v2\/pages\/1962\/revisions\/3033"}],"up":[{"embeddable":true,"href":"https:\/\/jds.vilenica.com\/index.php\/wp-json\/wp\/v2\/pages\/170"}],"wp:featuredmedia":[{"embeddable":true,"href":"https:\/\/jds.vilenica.com\/index.php\/wp-json\/wp\/v2\/media\/1857"}],"wp:attachment":[{"href":"https:\/\/jds.vilenica.com\/index.php\/wp-json\/wp\/v2\/media?parent=1962"}],"curies":[{"name":"wp","href":"https:\/\/api.w.org\/{rel}","templated":true}]}}