{"id":1703,"date":"2017-10-19T10:01:08","date_gmt":"2017-10-19T10:01:08","guid":{"rendered":"http:\/\/oxygen-club.omnicom-dev.com\/main-demo\/?page_id=2"},"modified":"2022-06-17T11:07:02","modified_gmt":"2022-06-17T09:07:02","slug":"domov","status":"publish","type":"page","link":"https:\/\/jds.vilenica.com\/","title":{"rendered":"Domov"},"content":{"rendered":"<section id=\"bt_bb_section69ef4d6fa7883\" class=\"bt_bb_section bt_bb_color_scheme_1 bt_bb_layout_boxed_1200 bt_bb_full_screen bt_bb_vertical_align_middle bt_bb_top_spacing_small bt_bb_bottom_spacing_large\" style=\"; --section-primary-color:#000; --section-secondary-color:#fff;\" data-bt-override-class=\"null\"><div class=\"bt_bb_background_image_holder_wrapper\"><div class=\"bt_bb_background_image_holder bt_bb_parallax\"  data-parallax=\"0.6\" data-parallax-offset=\"0\" data-parallax-zoom-start=\"1\" data-parallax-zoom-end=\"1\" data-parallax-blur-start=\"0\" data-parallax-blur-end=\"0\" data-parallax-opacity-start=\"1\" data-parallax-opacity-end=\"1\" style=\" background-image:url(&#039;https:\/\/jds.vilenica.com\/wp-content\/uploads\/2018\/11\/IMGP0645-optim-2.jpg&#039;);\"><\/div><\/div><div class=\"bt_bb_port\"><div class=\"bt_bb_cell\"><div class=\"bt_bb_cell_inner\"><div class=\"bt_bb_row \"  data-bt-override-class=\"{}\"><div class=\"bt_bb_row_holder\" ><div  class=\"bt_bb_column col-xxl-12 col-xl-12 bt_bb_vertical_align_top bt_bb_align_center bt_bb_padding_normal\"  data-width=\"12\" data-bt-override-class=\"{}\"><div class=\"bt_bb_column_content\"><div class=\"bt_bb_column_content_inner\"><div class=\"bt_bb_separator_v2 bt_bb_border_style_none bt_bb_top_spacing_large bt_bb_bottom_spacing_normal bt_bb_icon_size_normal bt_bb_text_size_normal bt_bb_separator_v2_without_content\" data-bt-override-class=\"null\"><div class=\"bt_bb_separator_v2_inner\"><span class=\"bt_bb_separator_v2_inner_before\"><\/span><span class=\"bt_bb_separator_v2_inner_content\"><span  data-ico-=\"\" class=\"bt_bb_icon_holder\"><\/span><\/span><span class=\"bt_bb_separator_v2_inner_after\"><\/span><\/div><\/div><header class=\"bt_bb_headline bt_bb_font_weight_lighter bt_bb_color_scheme_1 bt_bb_dash_none bt_bb_size_normal bt_bb_align_inherit\" style=\"; --primary-color:#000; --secondary-color:#fff;\" data-bt-override-class=\"{}\"><h3 class=\"bt_bb_headline_tag\"><span class=\"bt_bb_headline_content\"><span><a href=\"index.php\/o-drustvu\" target=\"_self\" title=\"JAMARSKO DRU\u0160TVO SE\u017dANA\"><strong>JAMARSKO DRU\u0160TVO SE\u017dANA<\/strong><\/a><\/span><\/span><\/h3><\/header><div class=\"bt_bb_separator_v2 bt_bb_border_style_none bt_bb_bottom_spacing_normal bt_bb_icon_size_normal bt_bb_text_size_normal bt_bb_separator_v2_without_content\" style=\"margin-top:20px;\" data-bt-override-class=\"null\"><div class=\"bt_bb_separator_v2_inner\"><span class=\"bt_bb_separator_v2_inner_before\"><\/span><span class=\"bt_bb_separator_v2_inner_content\"><span  data-ico-=\"\" class=\"bt_bb_icon_holder\"><\/span><\/span><span class=\"bt_bb_separator_v2_inner_after\"><\/span><\/div><\/div><\/div><\/div><\/div><\/div><\/div><div class=\"bt_bb_row \"  data-bt-override-class=\"{}\"><div class=\"bt_bb_row_holder\" ><div  class=\"bt_bb_column col-xxl-12 col-xl-12 bt_bb_vertical_align_top bt_bb_align_center bt_bb_padding_normal bt_bb_animation_fade_in animate\"  data-width=\"12\" data-bt-override-class=\"{}\"><div class=\"bt_bb_column_content\"><div class=\"bt_bb_column_content_inner\"><div class=\"bt_bb_separator_v2 bt_bb_border_style_none bt_bb_icon_size_normal bt_bb_text_size_normal bt_bb_separator_v2_without_content\" data-bt-override-class=\"null\"><div class=\"bt_bb_separator_v2_inner\"><span class=\"bt_bb_separator_v2_inner_before\"><\/span><span class=\"bt_bb_separator_v2_inner_content\"><span  data-ico-=\"\" class=\"bt_bb_icon_holder\"><\/span><\/span><span class=\"bt_bb_separator_v2_inner_after\"><\/span><\/div><\/div><div class=\"bt_bb_button bt_bb_color_scheme_1 bt_bb_icon_position_left bt_bb_style_filled bt_bb_size_large bt_bb_width_inline bt_bb_shape_inherit bt_bb_target_self bt_bb_align_inherit\" style=\"; --primary-color:#000; --secondary-color:#fff;\" data-bt-override-class=\"{}\"><a href=\"https:\/\/jds.vilenica.com\/index.php\/contact\/\" target=\"_self\" class=\"bt_bb_link\" title=\"Pridru\u017eite se nam\"><span class=\"bt_bb_button_text\" >Pridru\u017eite se nam<\/span><\/a><\/div><\/div><\/div><\/div><\/div><\/div><\/div><!-- cell_inner --><\/div><!-- cell --><\/div><!-- port --><\/section><section id=\"bt_bb_section69ef4d6fa7f22\" class=\"bt_bb_section bt_bb_color_scheme_1 bt_bb_layout_boxed_left_right_1200 bt_bb_vertical_align_top bt_bb_top_spacing_normal bt_bb_bottom_spacing_normal\" style=\"; --section-primary-color:#000; --section-secondary-color:#fff;\" data-bt-override-class=\"null\"><div class=\"bt_bb_port\"><div class=\"bt_bb_cell\"><div class=\"bt_bb_cell_inner\"><div class=\"bt_bb_row \"  data-bt-override-class=\"{}\"><div class=\"bt_bb_row_holder\" ><div  class=\"bt_bb_column col-xxl-4 col-xl-4 bt_bb_vertical_align_top bt_bb_align_center bt_bb_padding_normal\"  data-width=\"4\" data-bt-override-class=\"{}\"><div class=\"bt_bb_column_content\"><div class=\"bt_bb_column_content_inner\"><div class=\"bt_bb_slider bt_bb_height_keep-height bt_bb_show_dots_bottom bt_bb_animation_slide animate\"><div class=\"slick-slider\"  data-slick='{ \"lazyLoad\": \"progressive\", \"cssEase\": \"ease-out\", \"speed\": \"300\", \"dots\": true, \"prevArrow\": \"&lt;button type=\\\"button\\\" class=\\\"slick-prev\\\" aria-label=\\\"Previous\\\" tabindex=\\\"0\\\" role=\\\"button\\\"&gt;&lt;\/button&gt;\", \"nextArrow\": \"&lt;button type=\\\"button\\\" class=\\\"slick-next\\\" aria-label=\\\"Next\\\" tabindex=\\\"0\\\" role=\\\"button\\\"&gt;&lt;\/button&gt;\", \"autoplay\": true, \"autoplaySpeed\": 3000}' ><div class=\"bt_bb_slider_item\" data-src-full=\"https:\/\/jds.vilenica.com\/wp-content\/uploads\/2018\/11\/img_6993.jpg\"><img decoding=\"async\" src=\"https:\/\/jds.vilenica.com\/wp-content\/uploads\/2018\/11\/img_6993.jpg\" alt=\"img_6993\"  title=\"img_6993\"><\/div><div class=\"bt_bb_slider_item\" data-src-full=\"https:\/\/jds.vilenica.com\/wp-content\/uploads\/2018\/11\/11823048_937763326297158_5545360320956666255_o.jpg\"><img decoding=\"async\" src=\"https:\/\/jds.vilenica.com\/wp-content\/uploads\/2018\/11\/11823048_937763326297158_5545360320956666255_o.jpg\" alt=\"11823048_937763326297158_5545360320956666255_o\"  title=\"11823048_937763326297158_5545360320956666255_o\"><\/div><div class=\"bt_bb_slider_item\" data-src-full=\"https:\/\/jds.vilenica.com\/wp-content\/uploads\/2018\/11\/img_7323.jpg\"><img decoding=\"async\" src=\"https:\/\/jds.vilenica.com\/wp-content\/uploads\/2018\/11\/img_7323.jpg\" alt=\"img_7323\"  title=\"img_7323\"><\/div><\/div><\/div><\/div><\/div><\/div><div  class=\"bt_bb_column col-xxl-4 col-xl-4 bt_bb_vertical_align_top bt_bb_align_left bt_bb_padding_normal\"  data-width=\"4\" data-bt-override-class=\"{}\"><div class=\"bt_bb_column_content\"><div class=\"bt_bb_column_content_inner\"><div class=\"bt_bb_slider bt_bb_height_keep-height bt_bb_show_dots_bottom bt_bb_animation_slide animate\"><div class=\"slick-slider\"  data-slick='{ \"lazyLoad\": \"progressive\", \"cssEase\": \"ease-out\", \"speed\": \"300\", \"dots\": true, \"prevArrow\": \"&lt;button type=\\\"button\\\" class=\\\"slick-prev\\\" aria-label=\\\"Previous\\\" tabindex=\\\"0\\\" role=\\\"button\\\"&gt;&lt;\/button&gt;\", \"nextArrow\": \"&lt;button type=\\\"button\\\" class=\\\"slick-next\\\" aria-label=\\\"Next\\\" tabindex=\\\"0\\\" role=\\\"button\\\"&gt;&lt;\/button&gt;\", \"autoplay\": true, \"autoplaySpeed\": 3000}' ><div class=\"bt_bb_slider_item\" data-src-full=\"https:\/\/jds.vilenica.com\/wp-content\/uploads\/2018\/11\/11888529_941044465969044_7925871038324737946_o.jpg\"><img decoding=\"async\" src=\"https:\/\/jds.vilenica.com\/wp-content\/uploads\/2018\/11\/11888529_941044465969044_7925871038324737946_o.jpg\" alt=\"11888529_941044465969044_7925871038324737946_o\"  title=\"11888529_941044465969044_7925871038324737946_o\"><\/div><div class=\"bt_bb_slider_item\" data-src-full=\"https:\/\/jds.vilenica.com\/wp-content\/uploads\/2018\/11\/IMG_7198-1.jpg\"><img decoding=\"async\" src=\"https:\/\/jds.vilenica.com\/wp-content\/uploads\/2018\/11\/IMG_7198-1.jpg\" alt=\"IMG_7198\"  title=\"IMG_7198\"><\/div><div class=\"bt_bb_slider_item\" data-src-full=\"https:\/\/jds.vilenica.com\/wp-content\/uploads\/2018\/11\/img_3959.jpg\"><img decoding=\"async\" src=\"https:\/\/jds.vilenica.com\/wp-content\/uploads\/2018\/11\/img_3959.jpg\" alt=\"img_3959\"  title=\"img_3959\"><\/div><div class=\"bt_bb_slider_item\" data-src-full=\"https:\/\/jds.vilenica.com\/wp-content\/uploads\/2018\/11\/img_3866.jpg\"><img decoding=\"async\" src=\"https:\/\/jds.vilenica.com\/wp-content\/uploads\/2018\/11\/img_3866.jpg\" alt=\"img_3866\"  title=\"img_3866\"><\/div><div class=\"bt_bb_slider_item\" data-src-full=\"https:\/\/jds.vilenica.com\/wp-content\/uploads\/2018\/11\/IMGP1344.jpg\"><img decoding=\"async\" src=\"https:\/\/jds.vilenica.com\/wp-content\/uploads\/2018\/11\/IMGP1344.jpg\" alt=\"IMGP1344\"  title=\"IMGP1344\"><\/div><div class=\"bt_bb_slider_item\" data-src-full=\"https:\/\/jds.vilenica.com\/wp-content\/uploads\/2018\/11\/DSCF1313.jpg\"><img decoding=\"async\" src=\"https:\/\/jds.vilenica.com\/wp-content\/uploads\/2018\/11\/DSCF1313.jpg\" alt=\"DSCF1313\"  title=\"DSCF1313\"><\/div><\/div><\/div><\/div><\/div><\/div><div  class=\"bt_bb_column col-xxl-4 col-xl-4 bt_bb_vertical_align_top bt_bb_align_left bt_bb_padding_normal\"  data-width=\"4\" data-bt-override-class=\"{}\"><div class=\"bt_bb_column_content\"><div class=\"bt_bb_column_content_inner\"><div class=\"bt_bb_slider bt_bb_height_keep-height bt_bb_show_dots_bottom bt_bb_animation_slide animate\"><div class=\"slick-slider\"  data-slick='{ \"lazyLoad\": \"progressive\", \"cssEase\": \"ease-out\", \"speed\": \"300\", \"dots\": true, \"prevArrow\": \"&lt;button type=\\\"button\\\" class=\\\"slick-prev\\\" aria-label=\\\"Previous\\\" tabindex=\\\"0\\\" role=\\\"button\\\"&gt;&lt;\/button&gt;\", \"nextArrow\": \"&lt;button type=\\\"button\\\" class=\\\"slick-next\\\" aria-label=\\\"Next\\\" tabindex=\\\"0\\\" role=\\\"button\\\"&gt;&lt;\/button&gt;\", \"autoplay\": true, \"autoplaySpeed\": 3000}' ><div class=\"bt_bb_slider_item\" data-src-full=\"https:\/\/jds.vilenica.com\/wp-content\/uploads\/2018\/11\/IMG_7180-1.jpg\"><img decoding=\"async\" src=\"https:\/\/jds.vilenica.com\/wp-content\/uploads\/2018\/11\/IMG_7180-1.jpg\" alt=\"IMG_7180\"  title=\"IMG_7180\"><\/div><div class=\"bt_bb_slider_item\" data-src-full=\"https:\/\/jds.vilenica.com\/wp-content\/uploads\/2018\/11\/img_7849.jpg\"><img decoding=\"async\" src=\"https:\/\/jds.vilenica.com\/wp-content\/uploads\/2018\/11\/img_7849.jpg\" alt=\"img_7849\"  title=\"img_7849\"><\/div><div class=\"bt_bb_slider_item\" data-src-full=\"https:\/\/jds.vilenica.com\/wp-content\/uploads\/2018\/11\/img_5464.jpg\"><img decoding=\"async\" src=\"https:\/\/jds.vilenica.com\/wp-content\/uploads\/2018\/11\/img_5464.jpg\" alt=\"img_5464\"  title=\"img_5464\"><\/div><\/div><\/div><\/div><\/div><\/div><\/div><\/div><\/div><!-- cell_inner --><\/div><!-- cell --><\/div><!-- port --><\/section><section id=\"bt_bb_section69ef4d6fa9360\" class=\"bt_bb_section bt_bb_layout_boxed_1200 bt_bb_vertical_align_top bt_bb_top_spacing_large bt_bb_bottom_spacing_medium\"  data-bt-override-class=\"null\"><div class=\"bt_bb_port\"><div class=\"bt_bb_cell\"><div class=\"bt_bb_cell_inner\"><div class=\"bt_bb_row \"  data-bt-override-class=\"{}\"><div class=\"bt_bb_row_holder\" ><div  class=\"bt_bb_column col-xxl-12 col-xl-12 bt_bb_vertical_align_top bt_bb_align_center bt_bb_padding_normal\"  data-width=\"12\" data-bt-override-class=\"{}\"><div class=\"bt_bb_column_content\"><div class=\"bt_bb_column_content_inner\"><header class=\"bt_bb_headline bt_bb_font_weight_light bt_bb_color_scheme_1 bt_bb_dash_none bt_bb_superheadline bt_bb_size_normal bt_bb_align_inherit\" style=\"; --primary-color:#000; --secondary-color:#fff;\" data-bt-override-class=\"{}\"><h2 class=\"bt_bb_headline_tag\"><span class=\"bt_bb_headline_superheadline\">JAMARSKO DRU\u0160TVO SE\u017dANA<\/span><span class=\"bt_bb_headline_content\"><span>ZADNJE <strong>NOVICE<\/strong><\/span><\/span><\/h2><\/header><div class=\"bt_bb_separator_v2 bt_bb_border_style_none bt_bb_bottom_spacing_normal bt_bb_icon_size_normal bt_bb_text_size_normal bt_bb_separator_v2_without_content\" data-bt-override-class=\"null\"><div class=\"bt_bb_separator_v2_inner\"><span class=\"bt_bb_separator_v2_inner_before\"><\/span><span class=\"bt_bb_separator_v2_inner_content\"><span  data-ico-=\"\" class=\"bt_bb_icon_holder\"><\/span><\/span><span class=\"bt_bb_separator_v2_inner_after\"><\/span><\/div><\/div><\/div><\/div><\/div><\/div><\/div><div class=\"bt_bb_row \"  data-bt-override-class=\"{}\"><div class=\"bt_bb_row_holder\" ><div  class=\"bt_bb_column col-xxl-12 col-xl-12 bt_bb_vertical_align_top bt_bb_align_left bt_bb_padding_normal bt_bb_animation_fade_in animate\"  data-width=\"12\" data-bt-override-class=\"{}\"><div class=\"bt_bb_column_content\"><div class=\"bt_bb_column_content_inner\"><div class=\"bt_bb_latest_posts bt_bb_columns_4 bt_bb_gap_normal bt_bb_image_shape_rounded\"><div class=\"bt_bb_latest_posts_item\"><div class=\"bt_bb_latest_posts_item_image\"><a href=\"https:\/\/jds.vilenica.com\/index.php\/2023\/05\/31\/utrinki-praznika-v-vilenici-maj-2023\/\" target=\"_self\"><img decoding=\"async\" src=\"https:\/\/jds.vilenica.com\/wp-content\/uploads\/2023\/05\/348565822_796836081641128_3605886361134705098_n-640x480.jpg\" alt=\"Utrinki Praznika v Vilenici (maj 2023)\" title=\"Utrinki Praznika v Vilenici (maj 2023)\" \"><\/a><\/div><div class=\"bt_bb_latest_posts_item_content\"><div class=\"bt_bb_latest_posts_item_category\"><ul class=\"post-categories\">\n\t<li><a href=\"https:\/\/jds.vilenica.com\/index.php\/category\/nekategorizirano\/\" rel=\"category tag\">Nekategorizirano<\/a><\/li><\/ul><\/div><div class=\"bt_bb_latest_posts_item_meta\"><span class=\"bt_bb_latest_posts_item_date\">2023-05-31<\/span><\/div><h5 class=\"bt_bb_latest_posts_item_title\"><a href=\"https:\/\/jds.vilenica.com\/index.php\/2023\/05\/31\/utrinki-praznika-v-vilenici-maj-2023\/\" target=\"_self\">Utrinki Praznika v Vilenici (maj 2023)<\/a><\/h5><div class=\"bt_bb_latest_posts_item_excerpt\">Praznik v Vilenici &#8211; \u00a0390-letnica turizma v Vilenici in 60-letnica ponovnega odprtja jame za turisti\u010dni obisk Jama Vilenica velja za najstarej\u0161o turisti\u010dno jamo v Evropi, morda tudi na svetu. Prvi obiskovalci, ki so za ogled jame pla\u010dali prispevek, so si jo ogledali \u017ee leta 1633, kar pomeni, da v letu 2023 praznujemo 390-letnico odkar se &hellip; <a href=\"https:\/\/jds.vilenica.com\/index.php\/2023\/05\/31\/utrinki-praznika-v-vilenici-maj-2023\/\" class=\"more-link\">Preberi ve\u010d<span class=\"screen-reader-text\"> \"Utrinki Praznika v Vilenici (maj 2023)\"<\/span><\/a><\/div><\/div><\/div><div class=\"bt_bb_latest_posts_item\"><div class=\"bt_bb_latest_posts_item_image\"><a href=\"https:\/\/jds.vilenica.com\/index.php\/2023\/04\/20\/praznik-v-vilenici-5-5-26-5-2023\/\" target=\"_self\"><img decoding=\"async\" src=\"https:\/\/jds.vilenica.com\/wp-content\/uploads\/2023\/04\/letak.png\" alt=\"Praznik v Vilenici (5. 5. &#8211; 26. 5. 2023)\" title=\"Praznik v Vilenici (5. 5. &#8211; 26. 5. 2023)\" \"><\/a><\/div><div class=\"bt_bb_latest_posts_item_content\"><div class=\"bt_bb_latest_posts_item_category\"><ul class=\"post-categories\">\n\t<li><a href=\"https:\/\/jds.vilenica.com\/index.php\/category\/nekategorizirano\/\" rel=\"category tag\">Nekategorizirano<\/a><\/li><\/ul><\/div><div class=\"bt_bb_latest_posts_item_meta\"><span class=\"bt_bb_latest_posts_item_date\">2023-04-20<\/span><\/div><h5 class=\"bt_bb_latest_posts_item_title\"><a href=\"https:\/\/jds.vilenica.com\/index.php\/2023\/04\/20\/praznik-v-vilenici-5-5-26-5-2023\/\" target=\"_self\">Praznik v Vilenici (5. 5. &#8211; 26. 5. 2023)<\/a><\/h5><div class=\"bt_bb_latest_posts_item_excerpt\"><\/div><\/div><\/div><div class=\"bt_bb_latest_posts_item\"><div class=\"bt_bb_latest_posts_item_image\"><a href=\"https:\/\/jds.vilenica.com\/index.php\/2023\/04\/17\/urejanje-vilenice-in-okolice\/\" target=\"_self\"><img decoding=\"async\" src=\"https:\/\/jds.vilenica.com\/wp-content\/uploads\/2023\/04\/20230416_1036221-640x480.jpg\" alt=\"Urejanje Vilenice in okolice\" title=\"Urejanje Vilenice in okolice\" \"><\/a><\/div><div class=\"bt_bb_latest_posts_item_content\"><div class=\"bt_bb_latest_posts_item_category\"><ul class=\"post-categories\">\n\t<li><a href=\"https:\/\/jds.vilenica.com\/index.php\/category\/nekategorizirano\/\" rel=\"category tag\">Nekategorizirano<\/a><\/li><\/ul><\/div><div class=\"bt_bb_latest_posts_item_meta\"><span class=\"bt_bb_latest_posts_item_date\">2023-04-17<\/span><\/div><h5 class=\"bt_bb_latest_posts_item_title\"><a href=\"https:\/\/jds.vilenica.com\/index.php\/2023\/04\/17\/urejanje-vilenice-in-okolice\/\" target=\"_self\">Urejanje Vilenice in okolice<\/a><\/h5><div class=\"bt_bb_latest_posts_item_excerpt\">V nedeljo, 16. 4. smo \u010dlani Jamarskega dru\u0161tva Se\u017eana poprijeli za motike, \u0161karje, kle\u0161\u010de, \u017eago, metle in krpe in uredili okolico ter notranjost jamarskega doma pred jamo Vilenico ter opravili vzdr\u017eevalna dela na jamski infrastrukturi. Delu je sledilo dru\u017eenje in na\u010drtovanje prihodnjih aktivnosti. Besedilo in foto: \u0160pela Prunk<\/div><\/div><\/div><div class=\"bt_bb_latest_posts_item\"><div class=\"bt_bb_latest_posts_item_image\"><a href=\"https:\/\/jds.vilenica.com\/index.php\/2023\/02\/19\/sprehod-po-trzaskem-krasu\/\" target=\"_self\"><img decoding=\"async\" src=\"https:\/\/jds.vilenica.com\/wp-content\/uploads\/2023\/02\/20230219_112436-640x480.jpg\" alt=\"Sprehod po Tr\u017ea\u0161kem Krasu\" title=\"Sprehod po Tr\u017ea\u0161kem Krasu\" \"><\/a><\/div><div class=\"bt_bb_latest_posts_item_content\"><div class=\"bt_bb_latest_posts_item_category\"><ul class=\"post-categories\">\n\t<li><a href=\"https:\/\/jds.vilenica.com\/index.php\/category\/nekategorizirano\/\" rel=\"category tag\">Nekategorizirano<\/a><\/li><\/ul><\/div><div class=\"bt_bb_latest_posts_item_meta\"><span class=\"bt_bb_latest_posts_item_date\">2023-02-19<\/span><\/div><h5 class=\"bt_bb_latest_posts_item_title\"><a href=\"https:\/\/jds.vilenica.com\/index.php\/2023\/02\/19\/sprehod-po-trzaskem-krasu\/\" target=\"_self\">Sprehod po Tr\u017ea\u0161kem Krasu<\/a><\/h5><div class=\"bt_bb_latest_posts_item_excerpt\">Muhasto vreme na pustno nedeljo (19. 2. 2023) smo jamarji JDS izkoristili za izlet na Tr\u017ea\u0161ki Kras. Pod vodstvom Andreja Pece in Jo\u017eefa Ter\u010dona smo si ogledali jamo Vodenica (Grotta del&#8217;Acqua) ter Jamo v Hribih (tudi Trnovca, Grotta di Ternovizza). Prva nas je presenetila s svojo dol\u017eino in velikimi zasiganimi dvoranami, druga pa z dobro &hellip; <a href=\"https:\/\/jds.vilenica.com\/index.php\/2023\/02\/19\/sprehod-po-trzaskem-krasu\/\" class=\"more-link\">Preberi ve\u010d<span class=\"screen-reader-text\"> \"Sprehod po Tr\u017ea\u0161kem Krasu\"<\/span><\/a><\/div><\/div><\/div><\/div><\/div><\/div><\/div><\/div><\/div><div class=\"bt_bb_row \"  data-bt-override-class=\"{}\"><div class=\"bt_bb_row_holder\" ><div  class=\"bt_bb_column col-xxl-12 col-xl-12 bt_bb_vertical_align_top bt_bb_align_center bt_bb_padding_normal bt_bb_animation_fade_in animate\"  data-width=\"12\" data-bt-override-class=\"{}\"><div class=\"bt_bb_column_content\"><div class=\"bt_bb_column_content_inner\"><div class=\"bt_bb_separator_v2 bt_bb_border_style_none bt_bb_bottom_spacing_medium bt_bb_icon_size_normal bt_bb_text_size_normal bt_bb_separator_v2_without_content\" data-bt-override-class=\"null\"><div class=\"bt_bb_separator_v2_inner\"><span class=\"bt_bb_separator_v2_inner_before\"><\/span><span class=\"bt_bb_separator_v2_inner_content\"><span  data-ico-=\"\" class=\"bt_bb_icon_holder\"><\/span><\/span><span class=\"bt_bb_separator_v2_inner_after\"><\/span><\/div><\/div><div class=\"bt_bb_button bt_bb_color_scheme_1 bt_bb_icon_position_left bt_bb_style_filled bt_bb_size_medium bt_bb_width_inline bt_bb_shape_rounded bt_bb_target_self bt_bb_align_inherit\" style=\"; --primary-color:#000; --secondary-color:#fff;\" data-bt-override-class=\"{}\"><a href=\"https:\/\/jds.vilenica.com\/index.php\/blog\/\" target=\"_self\" class=\"bt_bb_link\" title=\"VE\u010c NOVIC\"><span class=\"bt_bb_button_text\" >VE\u010c NOVIC<\/span><\/a><\/div><div class=\"bt_bb_button bt_bb_color_scheme_1 bt_bb_icon_position_left bt_bb_style_filled bt_bb_size_medium bt_bb_width_inline bt_bb_shape_rounded bt_bb_target_self bt_bb_align_inherit\" style=\"; --primary-color:#000; --secondary-color:#fff;\" data-bt-override-class=\"{}\"><a href=\"https:\/\/jds.vilenica.com\/index.php\/o-drustvu\/uradna-obvestila\/\" target=\"_self\" class=\"bt_bb_link\" title=\"URADNA OBVESTILA\"><span class=\"bt_bb_button_text\" >URADNA OBVESTILA<\/span><\/a><\/div><\/div><\/div><\/div><\/div><\/div><\/div><!-- cell_inner --><\/div><!-- cell --><\/div><!-- port --><\/section>","protected":false},"excerpt":{"rendered":"<p>Brez izvle\u010dka.<\/p>\n","protected":false},"author":1,"featured_media":0,"parent":0,"menu_order":0,"comment_status":"closed","ping_status":"closed","template":"","meta":{"footnotes":""},"class_list":["post-1703","page","type-page","status-publish","hentry"],"_links":{"self":[{"href":"https:\/\/jds.vilenica.com\/index.php\/wp-json\/wp\/v2\/pages\/1703","targetHints":{"allow":["GET"]}}],"collection":[{"href":"https:\/\/jds.vilenica.com\/index.php\/wp-json\/wp\/v2\/pages"}],"about":[{"href":"https:\/\/jds.vilenica.com\/index.php\/wp-json\/wp\/v2\/types\/page"}],"author":[{"embeddable":true,"href":"https:\/\/jds.vilenica.com\/index.php\/wp-json\/wp\/v2\/users\/1"}],"replies":[{"embeddable":true,"href":"https:\/\/jds.vilenica.com\/index.php\/wp-json\/wp\/v2\/comments?post=1703"}],"version-history":[{"count":11,"href":"https:\/\/jds.vilenica.com\/index.php\/wp-json\/wp\/v2\/pages\/1703\/revisions"}],"predecessor-version":[{"id":5393,"href":"https:\/\/jds.vilenica.com\/index.php\/wp-json\/wp\/v2\/pages\/1703\/revisions\/5393"}],"wp:attachment":[{"href":"https:\/\/jds.vilenica.com\/index.php\/wp-json\/wp\/v2\/media?parent=1703"}],"curies":[{"name":"wp","href":"https:\/\/api.w.org\/{rel}","templated":true}]}}